{"id":19,"date":"2024-01-18T09:24:17","date_gmt":"2024-01-18T09:24:17","guid":{"rendered":"https:\/\/artex-entreprise.be\/?page_id=19"},"modified":"2024-01-28T19:32:55","modified_gmt":"2024-01-28T19:32:55","slug":"a-propos","status":"publish","type":"page","link":"https:\/\/artex-entreprise.be\/index.php\/a-propos\/","title":{"rendered":"A propos"},"content":{"rendered":"\t\t<div data-elementor-type=\"wp-page\" data-elementor-id=\"19\" class=\"elementor elementor-19\">\n\t\t\t\t<div class=\"elementor-element elementor-element-5708e47 e-flex e-con-boxed e-con e-parent\" data-id=\"5708e47\" data-element_type=\"container\" data-e-type=\"container\">\n\t\t\t\t\t<div class=\"e-con-inner\">\n\t\t<div class=\"elementor-element elementor-element-4e5b0dd e-flex e-con-boxed e-con e-child\" data-id=\"4e5b0dd\" data-element_type=\"container\" data-e-type=\"container\">\n\t\t\t\t\t<div class=\"e-con-inner\">\n\t\t<div class=\"elementor-element elementor-element-538b61d e-con-full e-flex e-con e-child\" data-id=\"538b61d\" data-element_type=\"container\" data-e-type=\"container\">\n\t\t\t\t<div class=\"elementor-element elementor-element-50c97a9 elementor-widget elementor-widget-heading\" data-id=\"50c97a9\" data-element_type=\"widget\" data-e-type=\"widget\" data-widget_type=\"heading.default\">\n\t\t\t\t<div class=\"elementor-widget-container\">\n\t\t\t\t\t<h2 class=\"elementor-heading-title elementor-size-default\">A Propos<\/h2>\t\t\t\t<\/div>\n\t\t\t\t<\/div>\n\t\t\t\t<div class=\"elementor-element elementor-element-0e0b501 elementor-widget-divider--view-line elementor-widget elementor-widget-divider\" data-id=\"0e0b501\" data-element_type=\"widget\" data-e-type=\"widget\" data-widget_type=\"divider.default\">\n\t\t\t\t<div class=\"elementor-widget-container\">\n\t\t\t\t\t\t\t<div class=\"elementor-divider\">\n\t\t\t<span class=\"elementor-divider-separator\">\n\t\t\t\t\t\t<\/span>\n\t\t<\/div>\n\t\t\t\t\t\t<\/div>\n\t\t\t\t<\/div>\n\t\t\t\t<\/div>\n\t\t<div class=\"elementor-element elementor-element-a8f545e e-con-full e-flex e-con e-child\" data-id=\"a8f545e\" data-element_type=\"container\" data-e-type=\"container\">\n\t\t\t\t<div class=\"elementor-element elementor-element-a7c14c0 elementor-widget elementor-widget-image\" data-id=\"a7c14c0\" data-element_type=\"widget\" data-e-type=\"widget\" data-widget_type=\"image.default\">\n\t\t\t\t<div class=\"elementor-widget-container\">\n\t\t\t\t\t\t\t\t\t\t\t\t\t\t\t<img fetchpriority=\"high\" decoding=\"async\" width=\"1014\" height=\"1024\" src=\"https:\/\/artex-entreprise.be\/wp-content\/uploads\/2024\/01\/image00014-1-1014x1024.jpeg\" class=\"attachment-large size-large wp-image-371\" alt=\"\" srcset=\"https:\/\/artex-entreprise.be\/wp-content\/uploads\/2024\/01\/image00014-1-1014x1024.jpeg 1014w, https:\/\/artex-entreprise.be\/wp-content\/uploads\/2024\/01\/image00014-1-297x300.jpeg 297w, https:\/\/artex-entreprise.be\/wp-content\/uploads\/2024\/01\/image00014-1-150x150.jpeg 150w, https:\/\/artex-entreprise.be\/wp-content\/uploads\/2024\/01\/image00014-1-768x775.jpeg 768w, https:\/\/artex-entreprise.be\/wp-content\/uploads\/2024\/01\/image00014-1-1521x1536.jpeg 1521w, https:\/\/artex-entreprise.be\/wp-content\/uploads\/2024\/01\/image00014-1-2029x2048.jpeg 2029w\" sizes=\"(max-width: 1014px) 100vw, 1014px\" \/>\t\t\t\t\t\t\t\t\t\t\t\t\t\t\t<\/div>\n\t\t\t\t<\/div>\n\t\t\t\t<\/div>\n\t\t<div class=\"elementor-element elementor-element-ae24546 e-con-full e-flex e-con e-child\" data-id=\"ae24546\" data-element_type=\"container\" data-e-type=\"container\">\n\t\t\t\t<div class=\"elementor-element elementor-element-20e1a3f elementor-widget elementor-widget-text-editor\" data-id=\"20e1a3f\" data-element_type=\"widget\" data-e-type=\"widget\" data-widget_type=\"text-editor.default\">\n\t\t\t\t<div class=\"elementor-widget-container\">\n\t\t\t\t\t\t\t\t\t<p>Fond\u00e9e en 2021, par Cellier Auguste, notre entreprise dynamique a \u00e9merg\u00e9 gr\u00e2ce \u00e0 l&rsquo;initiative d&rsquo;un jeune entrepreneur passionn\u00e9. Sp\u00e9cialis\u00e9s dans l&rsquo;am\u00e9nagement ext\u00e9rieur et le terrassement, nous apportons une touche contemporaine \u00e0 chaque projet.<\/p><p>Bas\u00e9s \u00e0 Hamois, nous op\u00e9rons dans toute la province de Namur, offrant des services personnalis\u00e9s pour transformer vos espaces ext\u00e9rieurs. Que ce soit la cr\u00e9ation de jardins, la r\u00e9novation de terrasses ou des travaux de terrassement, notre \u00e9quipe met son savoir-faire \u00e0 votre service.<\/p><p>Fiers de notre engagement envers la qualit\u00e9 et la satisfaction des clients, nous relevons chaque d\u00e9fi avec enthousiasme. Notre approche jeune et dynamique, combin\u00e9e \u00e0 notre expertise croissante, nous positionne comme le partenaire id\u00e9al pour concr\u00e9tiser vos projets d&rsquo;am\u00e9nagement ext\u00e9rieur. Faites confiance \u00e0 notre entreprise pour transformer vos espaces selon vos envies.\u00a0<\/p>\t\t\t\t\t\t\t\t<\/div>\n\t\t\t\t<\/div>\n\t\t\t\t<\/div>\n\t\t\t\t\t<\/div>\n\t\t\t\t<\/div>\n\t\t\t\t\t<\/div>\n\t\t\t\t<\/div>\n\t\t\t\t<\/div>\n\t\t","protected":false},"excerpt":{"rendered":"<p>A Propos Fond\u00e9e en 2021, par Cellier Auguste, notre entreprise dynamique a \u00e9merg\u00e9 gr\u00e2ce \u00e0 l&rsquo;initiative d&rsquo;un jeune entrepreneur passionn\u00e9. Sp\u00e9cialis\u00e9s dans l&rsquo;am\u00e9nagement ext\u00e9rieur et le terrassement, nous apportons une touche contemporaine \u00e0 chaque projet. Bas\u00e9s \u00e0 Hamois, nous op\u00e9rons dans toute la province de Namur, offrant des services personnalis\u00e9s pour transformer vos espaces ext\u00e9rieurs. [&hellip;]<\/p>\n","protected":false},"author":1,"featured_media":0,"parent":0,"menu_order":0,"comment_status":"closed","ping_status":"closed","template":"","meta":{"ocean_post_layout":"","ocean_both_sidebars_style":"","ocean_both_sidebars_content_width":0,"ocean_both_sidebars_sidebars_width":0,"ocean_sidebar":"","ocean_second_sidebar":"","ocean_disable_margins":"enable","ocean_add_body_class":"","ocean_shortcode_before_top_bar":"","ocean_shortcode_after_top_bar":"","ocean_shortcode_before_header":"","ocean_shortcode_after_header":"","ocean_has_shortcode":"","ocean_shortcode_after_title":"","ocean_shortcode_before_footer_widgets":"","ocean_shortcode_after_footer_widgets":"","ocean_shortcode_before_footer_bottom":"","ocean_shortcode_after_footer_bottom":"","ocean_display_top_bar":"default","ocean_display_header":"default","ocean_header_style":"","ocean_center_header_left_menu":"","ocean_custom_header_template":"","ocean_custom_logo":0,"ocean_custom_retina_logo":0,"ocean_custom_logo_max_width":0,"ocean_custom_logo_tablet_max_width":0,"ocean_custom_logo_mobile_max_width":0,"ocean_custom_logo_max_height":0,"ocean_custom_logo_tablet_max_height":0,"ocean_custom_logo_mobile_max_height":0,"ocean_header_custom_menu":"","ocean_menu_typo_font_family":"","ocean_menu_typo_font_subset":"","ocean_menu_typo_font_size":0,"ocean_menu_typo_font_size_tablet":0,"ocean_menu_typo_font_size_mobile":0,"ocean_menu_typo_font_size_unit":"px","ocean_menu_typo_font_weight":"","ocean_menu_typo_font_weight_tablet":"","ocean_menu_typo_font_weight_mobile":"","ocean_menu_typo_transform":"","ocean_menu_typo_transform_tablet":"","ocean_menu_typo_transform_mobile":"","ocean_menu_typo_line_height":0,"ocean_menu_typo_line_height_tablet":0,"ocean_menu_typo_line_height_mobile":0,"ocean_menu_typo_line_height_unit":"","ocean_menu_typo_spacing":0,"ocean_menu_typo_spacing_tablet":0,"ocean_menu_typo_spacing_mobile":0,"ocean_menu_typo_spacing_unit":"","ocean_menu_link_color":"","ocean_menu_link_color_hover":"","ocean_menu_link_color_active":"","ocean_menu_link_background":"","ocean_menu_link_hover_background":"","ocean_menu_link_active_background":"","ocean_menu_social_links_bg":"","ocean_menu_social_hover_links_bg":"","ocean_menu_social_links_color":"","ocean_menu_social_hover_links_color":"","ocean_disable_title":"on","ocean_disable_heading":"default","ocean_post_title":"","ocean_post_subheading":"","ocean_post_title_style":"","ocean_post_title_background_color":"","ocean_post_title_background":0,"ocean_post_title_bg_image_position":"","ocean_post_title_bg_image_attachment":"","ocean_post_title_bg_image_repeat":"","ocean_post_title_bg_image_size":"","ocean_post_title_height":0,"ocean_post_title_bg_overlay":0.5,"ocean_post_title_bg_overlay_color":"","ocean_disable_breadcrumbs":"default","ocean_breadcrumbs_color":"","ocean_breadcrumbs_separator_color":"","ocean_breadcrumbs_links_color":"","ocean_breadcrumbs_links_hover_color":"","ocean_display_footer_widgets":"default","ocean_display_footer_bottom":"default","ocean_custom_footer_template":"","footnotes":""},"class_list":["post-19","page","type-page","status-publish","hentry","entry"],"yoast_head":"<!-- This site is optimized with the Yoast SEO plugin v27.1.1 - https:\/\/yoast.com\/product\/yoast-seo-wordpress\/ -->\n<title>A propos - artex<\/title>\n<meta name=\"robots\" content=\"index, follow, max-snippet:-1, max-image-preview:large, max-video-preview:-1\" \/>\n<link rel=\"canonical\" href=\"https:\/\/artex-entreprise.be\/index.php\/a-propos\/\" \/>\n<meta property=\"og:locale\" content=\"fr_FR\" \/>\n<meta property=\"og:type\" content=\"article\" \/>\n<meta property=\"og:title\" content=\"A propos - artex\" \/>\n<meta property=\"og:description\" content=\"A Propos Fond\u00e9e en 2021, par Cellier Auguste, notre entreprise dynamique a \u00e9merg\u00e9 gr\u00e2ce \u00e0 l&rsquo;initiative d&rsquo;un jeune entrepreneur passionn\u00e9. Sp\u00e9cialis\u00e9s dans l&rsquo;am\u00e9nagement ext\u00e9rieur et le terrassement, nous apportons une touche contemporaine \u00e0 chaque projet. Bas\u00e9s \u00e0 Hamois, nous op\u00e9rons dans toute la province de Namur, offrant des services personnalis\u00e9s pour transformer vos espaces ext\u00e9rieurs. [&hellip;]\" \/>\n<meta property=\"og:url\" content=\"https:\/\/artex-entreprise.be\/index.php\/a-propos\/\" \/>\n<meta property=\"og:site_name\" content=\"artex\" \/>\n<meta property=\"article:modified_time\" content=\"2024-01-28T19:32:55+00:00\" \/>\n<meta property=\"og:image\" content=\"https:\/\/artex-entreprise.be\/wp-content\/uploads\/2024\/01\/image00014-1-1014x1024.jpeg\" \/>\n<meta name=\"twitter:card\" content=\"summary_large_image\" \/>\n<meta name=\"twitter:label1\" content=\"Dur\u00e9e de lecture estim\u00e9e\" \/>\n\t<meta name=\"twitter:data1\" content=\"1 minute\" \/>\n<script type=\"application\/ld+json\" class=\"yoast-schema-graph\">{\"@context\":\"https:\/\/schema.org\",\"@graph\":[{\"@type\":\"WebPage\",\"@id\":\"https:\/\/artex-entreprise.be\/index.php\/a-propos\/\",\"url\":\"https:\/\/artex-entreprise.be\/index.php\/a-propos\/\",\"name\":\"A propos - artex\",\"isPartOf\":{\"@id\":\"https:\/\/artex-entreprise.be\/#website\"},\"primaryImageOfPage\":{\"@id\":\"https:\/\/artex-entreprise.be\/index.php\/a-propos\/#primaryimage\"},\"image\":{\"@id\":\"https:\/\/artex-entreprise.be\/index.php\/a-propos\/#primaryimage\"},\"thumbnailUrl\":\"https:\/\/artex-entreprise.be\/wp-content\/uploads\/2024\/01\/image00014-1-1014x1024.jpeg\",\"datePublished\":\"2024-01-18T09:24:17+00:00\",\"dateModified\":\"2024-01-28T19:32:55+00:00\",\"breadcrumb\":{\"@id\":\"https:\/\/artex-entreprise.be\/index.php\/a-propos\/#breadcrumb\"},\"inLanguage\":\"fr-FR\",\"potentialAction\":[{\"@type\":\"ReadAction\",\"target\":[\"https:\/\/artex-entreprise.be\/index.php\/a-propos\/\"]}]},{\"@type\":\"ImageObject\",\"inLanguage\":\"fr-FR\",\"@id\":\"https:\/\/artex-entreprise.be\/index.php\/a-propos\/#primaryimage\",\"url\":\"https:\/\/artex-entreprise.be\/wp-content\/uploads\/2024\/01\/image00014-1-scaled.jpeg\",\"contentUrl\":\"https:\/\/artex-entreprise.be\/wp-content\/uploads\/2024\/01\/image00014-1-scaled.jpeg\",\"width\":2536,\"height\":2560},{\"@type\":\"BreadcrumbList\",\"@id\":\"https:\/\/artex-entreprise.be\/index.php\/a-propos\/#breadcrumb\",\"itemListElement\":[{\"@type\":\"ListItem\",\"position\":1,\"name\":\"Accueil\",\"item\":\"https:\/\/artex-entreprise.be\/\"},{\"@type\":\"ListItem\",\"position\":2,\"name\":\"A propos\"}]},{\"@type\":\"WebSite\",\"@id\":\"https:\/\/artex-entreprise.be\/#website\",\"url\":\"https:\/\/artex-entreprise.be\/\",\"name\":\"artex\",\"description\":\"\",\"publisher\":{\"@id\":\"https:\/\/artex-entreprise.be\/#organization\"},\"potentialAction\":[{\"@type\":\"SearchAction\",\"target\":{\"@type\":\"EntryPoint\",\"urlTemplate\":\"https:\/\/artex-entreprise.be\/?s={search_term_string}\"},\"query-input\":{\"@type\":\"PropertyValueSpecification\",\"valueRequired\":true,\"valueName\":\"search_term_string\"}}],\"inLanguage\":\"fr-FR\"},{\"@type\":\"Organization\",\"@id\":\"https:\/\/artex-entreprise.be\/#organization\",\"name\":\"artex\",\"url\":\"https:\/\/artex-entreprise.be\/\",\"logo\":{\"@type\":\"ImageObject\",\"inLanguage\":\"fr-FR\",\"@id\":\"https:\/\/artex-entreprise.be\/#\/schema\/logo\/image\/\",\"url\":\"https:\/\/artex-entreprise.be\/wp-content\/uploads\/2024\/01\/cropped-Artex-rouille-scaled-1.jpg\",\"contentUrl\":\"https:\/\/artex-entreprise.be\/wp-content\/uploads\/2024\/01\/cropped-Artex-rouille-scaled-1.jpg\",\"width\":1226,\"height\":500,\"caption\":\"artex\"},\"image\":{\"@id\":\"https:\/\/artex-entreprise.be\/#\/schema\/logo\/image\/\"}}]}<\/script>\n<!-- \/ Yoast SEO plugin. -->","yoast_head_json":{"title":"A propos - artex","robots":{"index":"index","follow":"follow","max-snippet":"max-snippet:-1","max-image-preview":"max-image-preview:large","max-video-preview":"max-video-preview:-1"},"canonical":"https:\/\/artex-entreprise.be\/index.php\/a-propos\/","og_locale":"fr_FR","og_type":"article","og_title":"A propos - artex","og_description":"A Propos Fond\u00e9e en 2021, par Cellier Auguste, notre entreprise dynamique a \u00e9merg\u00e9 gr\u00e2ce \u00e0 l&rsquo;initiative d&rsquo;un jeune entrepreneur passionn\u00e9. Sp\u00e9cialis\u00e9s dans l&rsquo;am\u00e9nagement ext\u00e9rieur et le terrassement, nous apportons une touche contemporaine \u00e0 chaque projet. Bas\u00e9s \u00e0 Hamois, nous op\u00e9rons dans toute la province de Namur, offrant des services personnalis\u00e9s pour transformer vos espaces ext\u00e9rieurs. [&hellip;]","og_url":"https:\/\/artex-entreprise.be\/index.php\/a-propos\/","og_site_name":"artex","article_modified_time":"2024-01-28T19:32:55+00:00","og_image":[{"url":"https:\/\/artex-entreprise.be\/wp-content\/uploads\/2024\/01\/image00014-1-1014x1024.jpeg","type":"","width":"","height":""}],"twitter_card":"summary_large_image","twitter_misc":{"Dur\u00e9e de lecture estim\u00e9e":"1 minute"},"schema":{"@context":"https:\/\/schema.org","@graph":[{"@type":"WebPage","@id":"https:\/\/artex-entreprise.be\/index.php\/a-propos\/","url":"https:\/\/artex-entreprise.be\/index.php\/a-propos\/","name":"A propos - artex","isPartOf":{"@id":"https:\/\/artex-entreprise.be\/#website"},"primaryImageOfPage":{"@id":"https:\/\/artex-entreprise.be\/index.php\/a-propos\/#primaryimage"},"image":{"@id":"https:\/\/artex-entreprise.be\/index.php\/a-propos\/#primaryimage"},"thumbnailUrl":"https:\/\/artex-entreprise.be\/wp-content\/uploads\/2024\/01\/image00014-1-1014x1024.jpeg","datePublished":"2024-01-18T09:24:17+00:00","dateModified":"2024-01-28T19:32:55+00:00","breadcrumb":{"@id":"https:\/\/artex-entreprise.be\/index.php\/a-propos\/#breadcrumb"},"inLanguage":"fr-FR","potentialAction":[{"@type":"ReadAction","target":["https:\/\/artex-entreprise.be\/index.php\/a-propos\/"]}]},{"@type":"ImageObject","inLanguage":"fr-FR","@id":"https:\/\/artex-entreprise.be\/index.php\/a-propos\/#primaryimage","url":"https:\/\/artex-entreprise.be\/wp-content\/uploads\/2024\/01\/image00014-1-scaled.jpeg","contentUrl":"https:\/\/artex-entreprise.be\/wp-content\/uploads\/2024\/01\/image00014-1-scaled.jpeg","width":2536,"height":2560},{"@type":"BreadcrumbList","@id":"https:\/\/artex-entreprise.be\/index.php\/a-propos\/#breadcrumb","itemListElement":[{"@type":"ListItem","position":1,"name":"Accueil","item":"https:\/\/artex-entreprise.be\/"},{"@type":"ListItem","position":2,"name":"A propos"}]},{"@type":"WebSite","@id":"https:\/\/artex-entreprise.be\/#website","url":"https:\/\/artex-entreprise.be\/","name":"artex","description":"","publisher":{"@id":"https:\/\/artex-entreprise.be\/#organization"},"potentialAction":[{"@type":"SearchAction","target":{"@type":"EntryPoint","urlTemplate":"https:\/\/artex-entreprise.be\/?s={search_term_string}"},"query-input":{"@type":"PropertyValueSpecification","valueRequired":true,"valueName":"search_term_string"}}],"inLanguage":"fr-FR"},{"@type":"Organization","@id":"https:\/\/artex-entreprise.be\/#organization","name":"artex","url":"https:\/\/artex-entreprise.be\/","logo":{"@type":"ImageObject","inLanguage":"fr-FR","@id":"https:\/\/artex-entreprise.be\/#\/schema\/logo\/image\/","url":"https:\/\/artex-entreprise.be\/wp-content\/uploads\/2024\/01\/cropped-Artex-rouille-scaled-1.jpg","contentUrl":"https:\/\/artex-entreprise.be\/wp-content\/uploads\/2024\/01\/cropped-Artex-rouille-scaled-1.jpg","width":1226,"height":500,"caption":"artex"},"image":{"@id":"https:\/\/artex-entreprise.be\/#\/schema\/logo\/image\/"}}]}},"_links":{"self":[{"href":"https:\/\/artex-entreprise.be\/index.php\/wp-json\/wp\/v2\/pages\/19","targetHints":{"allow":["GET"]}}],"collection":[{"href":"https:\/\/artex-entreprise.be\/index.php\/wp-json\/wp\/v2\/pages"}],"about":[{"href":"https:\/\/artex-entreprise.be\/index.php\/wp-json\/wp\/v2\/types\/page"}],"author":[{"embeddable":true,"href":"https:\/\/artex-entreprise.be\/index.php\/wp-json\/wp\/v2\/users\/1"}],"replies":[{"embeddable":true,"href":"https:\/\/artex-entreprise.be\/index.php\/wp-json\/wp\/v2\/comments?post=19"}],"version-history":[{"count":11,"href":"https:\/\/artex-entreprise.be\/index.php\/wp-json\/wp\/v2\/pages\/19\/revisions"}],"predecessor-version":[{"id":377,"href":"https:\/\/artex-entreprise.be\/index.php\/wp-json\/wp\/v2\/pages\/19\/revisions\/377"}],"wp:attachment":[{"href":"https:\/\/artex-entreprise.be\/index.php\/wp-json\/wp\/v2\/media?parent=19"}],"curies":[{"name":"wp","href":"https:\/\/api.w.org\/{rel}","templated":true}]}}